{"id":823,"date":"2022-10-18T11:24:45","date_gmt":"2022-10-18T11:24:45","guid":{"rendered":"https:\/\/fcpoiltechcolombia.com\/?page_id=823"},"modified":"2024-02-05T14:45:57","modified_gmt":"2024-02-05T14:45:57","slug":"productos-tekcoat","status":"publish","type":"page","link":"https:\/\/fcpoiltechcolombia.com\/?page_id=823","title":{"rendered":"TEKCOAT"},"content":{"rendered":"\n<div style=\"height:21px\" aria-hidden=\"true\" class=\"wp-block-spacer\"><\/div>\n\n\n\n<div class=\"wp-block-columns is-layout-flex wp-container-core-columns-is-layout-9d6595d7 wp-block-columns-is-layout-flex\">\n<div class=\"wp-block-column is-layout-flow wp-block-column-is-layout-flow\" style=\"flex-basis:50%\">\n<figure class=\"wp-block-image size-full is-resized\"><img loading=\"lazy\" decoding=\"async\" width=\"803\" height=\"243\" src=\"https:\/\/fcpoiltechcolombia.com\/wp-content\/uploads\/2022\/10\/tekcoat-logo-1024x484-1-e1666092361728.png\" alt=\"\" class=\"wp-image-825\" srcset=\"https:\/\/fcpoiltechcolombia.com\/wp-content\/uploads\/2022\/10\/tekcoat-logo-1024x484-1-e1666092361728.png 803w, https:\/\/fcpoiltechcolombia.com\/wp-content\/uploads\/2022\/10\/tekcoat-logo-1024x484-1-e1666092361728-300x91.png 300w, https:\/\/fcpoiltechcolombia.com\/wp-content\/uploads\/2022\/10\/tekcoat-logo-1024x484-1-e1666092361728-768x232.png 768w\" sizes=\"auto, (max-width: 803px) 100vw, 803px\" \/><\/figure>\n\n\n\n<div style=\"height:22px\" aria-hidden=\"true\" class=\"wp-block-spacer\"><\/div>\n\n\n\n<p><strong>TEKCOAT<\/strong> ofrece diversos recubrimientos especiales para la protecci\u00f3n y rehabilitaci\u00f3n contra la corrosi\u00f3n de estructuras met\u00e1licas y tuber\u00edas.<\/p>\n\n\n\n<p>Estos recubrimientos son sistemas de protecci\u00f3n contra la corrosi\u00f3n de ultima generaci\u00f3n que se utilizan en la industria petrolera y petroqu\u00edmica, entre otros, mediante la aplicaci\u00f3n de recubrimientos compuestos de resina, avanzados, reforzados con cargas micro cer\u00e1micas y tecnolog\u00eda nano. Las principales propiedades son: resistencia qu\u00edmica, resistencia a la abrasi\u00f3n y estabilidad a la intemperie.<\/p>\n\n\n\n<div style=\"height:22px\" aria-hidden=\"true\" class=\"wp-block-spacer\"><\/div>\n\n\n\n<div class=\"wp-block-columns is-layout-flex wp-container-core-columns-is-layout-9d6595d7 wp-block-columns-is-layout-flex\">\n<div class=\"wp-block-column is-layout-flow wp-block-column-is-layout-flow\">\n<div class=\"wp-block-buttons is-content-justification-left is-layout-flex wp-container-core-buttons-is-layout-23b93fc6 wp-block-buttons-is-layout-flex\">\n<div class=\"wp-block-button has-custom-font-size\" style=\"font-size:10px\"><a class=\"wp-block-button__link has-white-color has-text-color has-background wp-element-button\" href=\"https:\/\/fcpoiltechcolombia.com\/wp-content\/uploads\/2024\/02\/Tekcoat-V20240118.pdf\" style=\"border-radius:8px;background-color:#ff3301\"><strong>Catalogo Tekcoat<\/strong><\/a><\/div>\n<\/div>\n<\/div>\n\n\n\n<div class=\"wp-block-column is-layout-flow wp-block-column-is-layout-flow\">\n<div class=\"wp-block-buttons is-content-justification-left is-layout-flex wp-container-core-buttons-is-layout-23b93fc6 wp-block-buttons-is-layout-flex\">\n<div class=\"wp-block-button has-custom-font-size\" style=\"font-size:10px\"><a class=\"wp-block-button__link has-white-color has-text-color has-background wp-element-button\" href=\"https:\/\/tekcoat.com\/es\/\" style=\"border-radius:8px;background-color:#ff3301\"><strong>Ir a pagina web<\/strong><\/a><\/div>\n<\/div>\n<\/div>\n<\/div>\n<\/div>\n\n\n\n<div class=\"wp-block-column is-layout-flow wp-block-column-is-layout-flow\" style=\"flex-basis:50%\">\n<figure class=\"wp-block-image size-large is-resized\"><img loading=\"lazy\" decoding=\"async\" width=\"1024\" height=\"1024\" src=\"https:\/\/fcpoiltechcolombia.com\/wp-content\/uploads\/2024\/02\/3-Tekcoat-1024x1024.png\" alt=\"\" class=\"wp-image-1061\" srcset=\"https:\/\/fcpoiltechcolombia.com\/wp-content\/uploads\/2024\/02\/3-Tekcoat-1024x1024.png 1024w, https:\/\/fcpoiltechcolombia.com\/wp-content\/uploads\/2024\/02\/3-Tekcoat-300x300.png 300w, https:\/\/fcpoiltechcolombia.com\/wp-content\/uploads\/2024\/02\/3-Tekcoat-150x150.png 150w, https:\/\/fcpoiltechcolombia.com\/wp-content\/uploads\/2024\/02\/3-Tekcoat-768x768.png 768w, https:\/\/fcpoiltechcolombia.com\/wp-content\/uploads\/2024\/02\/3-Tekcoat.png 1500w\" sizes=\"auto, (max-width: 1024px) 100vw, 1024px\" \/><\/figure>\n<\/div>\n<\/div>\n\n\n\n<div style=\"height:21px\" aria-hidden=\"true\" class=\"wp-block-spacer\"><\/div>\n\n\n\n<div class=\"wp-block-columns is-layout-flex wp-container-core-columns-is-layout-9d6595d7 wp-block-columns-is-layout-flex\"><\/div>\n","protected":false},"excerpt":{"rendered":"<p>TEKCOAT ofrece diversos recubrimientos especiales para la protecci\u00f3n y rehabilitaci\u00f3n contra la corrosi\u00f3n de estructuras met\u00e1licas y tuber\u00edas. Estos recubrimientos son sistemas de protecci\u00f3n contra<\/p>\n","protected":false},"author":1,"featured_media":0,"parent":0,"menu_order":0,"comment_status":"closed","ping_status":"closed","template":"","meta":{"footnotes":""},"class_list":["post-823","page","type-page","status-publish","hentry"],"_links":{"self":[{"href":"https:\/\/fcpoiltechcolombia.com\/index.php?rest_route=\/wp\/v2\/pages\/823","targetHints":{"allow":["GET"]}}],"collection":[{"href":"https:\/\/fcpoiltechcolombia.com\/index.php?rest_route=\/wp\/v2\/pages"}],"about":[{"href":"https:\/\/fcpoiltechcolombia.com\/index.php?rest_route=\/wp\/v2\/types\/page"}],"author":[{"embeddable":true,"href":"https:\/\/fcpoiltechcolombia.com\/index.php?rest_route=\/wp\/v2\/users\/1"}],"replies":[{"embeddable":true,"href":"https:\/\/fcpoiltechcolombia.com\/index.php?rest_route=%2Fwp%2Fv2%2Fcomments&post=823"}],"version-history":[{"count":12,"href":"https:\/\/fcpoiltechcolombia.com\/index.php?rest_route=\/wp\/v2\/pages\/823\/revisions"}],"predecessor-version":[{"id":1064,"href":"https:\/\/fcpoiltechcolombia.com\/index.php?rest_route=\/wp\/v2\/pages\/823\/revisions\/1064"}],"wp:attachment":[{"href":"https:\/\/fcpoiltechcolombia.com\/index.php?rest_route=%2Fwp%2Fv2%2Fmedia&parent=823"}],"curies":[{"name":"wp","href":"https:\/\/api.w.org\/{rel}","templated":true}]}}