{"id":808,"date":"2022-10-18T11:15:15","date_gmt":"2022-10-18T11:15:15","guid":{"rendered":"https:\/\/fcpoiltechcolombia.com\/?page_id=808"},"modified":"2024-02-05T14:34:58","modified_gmt":"2024-02-05T14:34:58","slug":"productos-oiltech","status":"publish","type":"page","link":"https:\/\/fcpoiltechcolombia.com\/?page_id=808","title":{"rendered":"ARTIFICAL LIFTING SYSTEMS"},"content":{"rendered":"\n<div style=\"height:21px\" aria-hidden=\"true\" class=\"wp-block-spacer\"><\/div>\n\n\n\n<div class=\"wp-block-columns is-layout-flex wp-container-core-columns-is-layout-9d6595d7 wp-block-columns-is-layout-flex\">\n<div class=\"wp-block-column is-layout-flow wp-block-column-is-layout-flow\" style=\"flex-basis:50%\">\n<figure class=\"wp-block-image size-full is-resized\"><img loading=\"lazy\" decoding=\"async\" width=\"667\" height=\"289\" src=\"https:\/\/fcpoiltechcolombia.com\/wp-content\/uploads\/2024\/02\/oiltech-artifical-lifting-systems-logo.png\" alt=\"\" class=\"wp-image-1048\" style=\"width:198px;height:85px\" srcset=\"https:\/\/fcpoiltechcolombia.com\/wp-content\/uploads\/2024\/02\/oiltech-artifical-lifting-systems-logo.png 667w, https:\/\/fcpoiltechcolombia.com\/wp-content\/uploads\/2024\/02\/oiltech-artifical-lifting-systems-logo-300x130.png 300w\" sizes=\"auto, (max-width: 667px) 100vw, 667px\" \/><\/figure>\n\n\n\n<div style=\"height:16px\" aria-hidden=\"true\" class=\"wp-block-spacer\"><\/div>\n\n\n\n<p><strong>Oiltechsystems<\/strong>&nbsp;ofrece diversos sistemas de levantamiento artificial y\/o equipos de \u00faltima generaci\u00f3n para satisfacer las necesidades de la industria del petr\u00f3leo y el gas.<\/p>\n\n\n\n<p>\u2713 Bombas de Cavidad Progresiva (PCP)<br>\u2713 Unidades de bombeo<br>\u2713 Cabezales de accionamiento de pozo<br>\u2713 Bombas sumergibles el\u00e9ctricas<br>\u2713 Sistemas de calefacci\u00f3n de pozos<br>\u2713 Cables el\u00e9ctricos<br>\u2713 Cuadros de control el\u00e9ctricos<br>\u2713 Motores el\u00e9ctricos<\/p>\n\n\n\n<div style=\"height:22px\" aria-hidden=\"true\" class=\"wp-block-spacer\"><\/div>\n\n\n\n<div class=\"wp-block-columns is-layout-flex wp-container-core-columns-is-layout-9d6595d7 wp-block-columns-is-layout-flex\">\n<div class=\"wp-block-column is-layout-flow wp-block-column-is-layout-flow\">\n<div class=\"wp-block-buttons is-content-justification-left is-layout-flex wp-container-core-buttons-is-layout-23b93fc6 wp-block-buttons-is-layout-flex\">\n<div class=\"wp-block-button has-custom-font-size\" style=\"font-size:10px\"><a class=\"wp-block-button__link has-white-color has-text-color has-background wp-element-button\" href=\"https:\/\/fcpoiltechcolombia.com\/wp-content\/uploads\/2024\/02\/FCP-OILTECH-SAS-OILTECH-UNIDAD-DE-BOMBEO-CATALOGO-COMERCIAL-V20240110.pdf\" style=\"border-radius:8px;background-color:#ff3301\"><strong>Catalogo Unidades de bombeo<\/strong><\/a><\/div>\n<\/div>\n<\/div>\n<\/div>\n\n\n\n<div style=\"height:10px\" aria-hidden=\"true\" class=\"wp-block-spacer\"><\/div>\n\n\n\n<div class=\"wp-block-columns is-layout-flex wp-container-core-columns-is-layout-9d6595d7 wp-block-columns-is-layout-flex\">\n<div class=\"wp-block-column is-layout-flow wp-block-column-is-layout-flow\">\n<div class=\"wp-block-buttons is-content-justification-left is-layout-flex wp-container-core-buttons-is-layout-23b93fc6 wp-block-buttons-is-layout-flex\">\n<div class=\"wp-block-button has-custom-font-size\" style=\"font-size:10px\"><a class=\"wp-block-button__link has-white-color has-text-color has-background wp-element-button\" href=\"https:\/\/fcpoiltechcolombia.com\/wp-content\/uploads\/2024\/02\/OILTECHSYSTEMS-TECHNIC\u0410L-C\u0410T\u0410LOGUE-ARTIFICIAL-LIFT-ESP-V20221013.pdf\" style=\"border-radius:8px;background-color:#ff3301\"><strong>Catalogo ESP<\/strong><\/a><\/div>\n<\/div>\n<\/div>\n\n\n\n<div class=\"wp-block-column is-layout-flow wp-block-column-is-layout-flow\"><\/div>\n<\/div>\n\n\n\n<div style=\"height:10px\" aria-hidden=\"true\" class=\"wp-block-spacer\"><\/div>\n\n\n\n<div class=\"wp-block-columns is-layout-flex wp-container-core-columns-is-layout-9d6595d7 wp-block-columns-is-layout-flex\">\n<div class=\"wp-block-column is-layout-flow wp-block-column-is-layout-flow\">\n<div class=\"wp-block-buttons is-content-justification-left is-layout-flex wp-container-core-buttons-is-layout-23b93fc6 wp-block-buttons-is-layout-flex\">\n<div class=\"wp-block-button has-custom-font-size\" style=\"font-size:10px\"><a class=\"wp-block-button__link has-background wp-element-button\" href=\"https:\/\/oiltechsystems.com\/?page_id=507\" style=\"border-radius:8px;background-color:#ff3301\"><strong>Ir a pagina web<\/strong><\/a><\/div>\n<\/div>\n\n\n\n<div style=\"height:16px\" aria-hidden=\"true\" class=\"wp-block-spacer\"><\/div>\n<\/div>\n<\/div>\n<\/div>\n\n\n\n<div class=\"wp-block-column is-layout-flow wp-block-column-is-layout-flow\" style=\"flex-basis:50%\">\n<figure class=\"wp-block-image size-full is-resized\"><img loading=\"lazy\" decoding=\"async\" width=\"734\" height=\"918\" src=\"https:\/\/fcpoiltechcolombia.com\/wp-content\/uploads\/2024\/02\/\u0421\u043d\u0438\u043c\u043e\u043a-\u044d\u043a\u0440\u0430\u043d\u0430-2024-02-05-\u0432-17.30.51.png\" alt=\"\" class=\"wp-image-1051\" style=\"width:423px;height:456px\" srcset=\"https:\/\/fcpoiltechcolombia.com\/wp-content\/uploads\/2024\/02\/\u0421\u043d\u0438\u043c\u043e\u043a-\u044d\u043a\u0440\u0430\u043d\u0430-2024-02-05-\u0432-17.30.51.png 734w, https:\/\/fcpoiltechcolombia.com\/wp-content\/uploads\/2024\/02\/\u0421\u043d\u0438\u043c\u043e\u043a-\u044d\u043a\u0440\u0430\u043d\u0430-2024-02-05-\u0432-17.30.51-240x300.png 240w\" sizes=\"auto, (max-width: 734px) 100vw, 734px\" \/><\/figure>\n<\/div>\n<\/div>\n\n\n\n<div style=\"height:21px\" aria-hidden=\"true\" class=\"wp-block-spacer\"><\/div>\n\n\n\n<div class=\"wp-block-columns is-layout-flex wp-container-core-columns-is-layout-9d6595d7 wp-block-columns-is-layout-flex\"><\/div>\n","protected":false},"excerpt":{"rendered":"<p>Oiltechsystems&nbsp;ofrece diversos sistemas de levantamiento artificial y\/o equipos de \u00faltima generaci\u00f3n para satisfacer las necesidades de la industria del petr\u00f3leo y el gas. \u2713 Bombas<\/p>\n","protected":false},"author":1,"featured_media":0,"parent":0,"menu_order":0,"comment_status":"closed","ping_status":"closed","template":"","meta":{"footnotes":""},"class_list":["post-808","page","type-page","status-publish","hentry"],"_links":{"self":[{"href":"https:\/\/fcpoiltechcolombia.com\/index.php?rest_route=\/wp\/v2\/pages\/808","targetHints":{"allow":["GET"]}}],"collection":[{"href":"https:\/\/fcpoiltechcolombia.com\/index.php?rest_route=\/wp\/v2\/pages"}],"about":[{"href":"https:\/\/fcpoiltechcolombia.com\/index.php?rest_route=\/wp\/v2\/types\/page"}],"author":[{"embeddable":true,"href":"https:\/\/fcpoiltechcolombia.com\/index.php?rest_route=\/wp\/v2\/users\/1"}],"replies":[{"embeddable":true,"href":"https:\/\/fcpoiltechcolombia.com\/index.php?rest_route=%2Fwp%2Fv2%2Fcomments&post=808"}],"version-history":[{"count":26,"href":"https:\/\/fcpoiltechcolombia.com\/index.php?rest_route=\/wp\/v2\/pages\/808\/revisions"}],"predecessor-version":[{"id":1053,"href":"https:\/\/fcpoiltechcolombia.com\/index.php?rest_route=\/wp\/v2\/pages\/808\/revisions\/1053"}],"wp:attachment":[{"href":"https:\/\/fcpoiltechcolombia.com\/index.php?rest_route=%2Fwp%2Fv2%2Fmedia&parent=808"}],"curies":[{"name":"wp","href":"https:\/\/api.w.org\/{rel}","templated":true}]}}