{"id":782,"date":"2022-10-18T11:04:00","date_gmt":"2022-10-18T11:04:00","guid":{"rendered":"https:\/\/fcpoiltechcolombia.com\/?page_id=782"},"modified":"2025-03-02T10:08:22","modified_gmt":"2025-03-02T10:08:22","slug":"productos-oiltechpipe","status":"publish","type":"page","link":"https:\/\/fcpoiltechcolombia.com\/?page_id=782","title":{"rendered":"OILTECHPIPE"},"content":{"rendered":"\n<div style=\"height:60px\" aria-hidden=\"true\" class=\"wp-block-spacer\"><\/div>\n\n\n\n<div class=\"wp-block-columns is-layout-flex wp-container-core-columns-is-layout-9d6595d7 wp-block-columns-is-layout-flex\">\n<div class=\"wp-block-column is-layout-flow wp-block-column-is-layout-flow\" style=\"flex-basis:50%\">\n<figure class=\"wp-block-image size-large is-resized\"><img loading=\"lazy\" decoding=\"async\" width=\"1024\" height=\"309\" src=\"https:\/\/fcpoiltechcolombia.com\/wp-content\/uploads\/2022\/10\/OILTECHPIPE_LOGO-1024x309.png\" alt=\"\" class=\"wp-image-785\" style=\"width:392px;height:auto\" srcset=\"https:\/\/fcpoiltechcolombia.com\/wp-content\/uploads\/2022\/10\/OILTECHPIPE_LOGO-1024x309.png 1024w, https:\/\/fcpoiltechcolombia.com\/wp-content\/uploads\/2022\/10\/OILTECHPIPE_LOGO-300x91.png 300w, https:\/\/fcpoiltechcolombia.com\/wp-content\/uploads\/2022\/10\/OILTECHPIPE_LOGO-768x232.png 768w, https:\/\/fcpoiltechcolombia.com\/wp-content\/uploads\/2022\/10\/OILTECHPIPE_LOGO.png 1074w\" sizes=\"auto, (max-width: 1024px) 100vw, 1024px\" \/><\/figure>\n\n\n\n<div style=\"height:22px\" aria-hidden=\"true\" class=\"wp-block-spacer\"><\/div>\n\n\n\n<p class=\"has-text-align-left\"><strong>Oiltechpipe<\/strong> ofrece diversos productos y tecnolog\u00edas de vanguardia para satisfacer necesidades en la industria oil &amp; gas<\/p>\n\n\n\n<p><strong>\u2713<\/strong> Tuber\u00eda termopl\u00e1stica de alta presi\u00f3n.<br><strong>\u2713<\/strong> Tuber\u00eda compuesta reforzada.<br><strong>\u2713<\/strong> Tuber\u00eda de rehabilitaci\u00f3n.<br><strong>\u2713<\/strong> Umbilicales.<br><strong>\u2713<\/strong> Remolques y carretes.<\/p>\n\n\n\n<div style=\"height:22px\" aria-hidden=\"true\" class=\"wp-block-spacer\"><\/div>\n\n\n\n<div class=\"wp-block-columns is-layout-flex wp-container-core-columns-is-layout-9d6595d7 wp-block-columns-is-layout-flex\">\n<div class=\"wp-block-column is-layout-flow wp-block-column-is-layout-flow\">\n<div class=\"wp-block-buttons is-content-justification-left is-layout-flex wp-container-core-buttons-is-layout-23b93fc6 wp-block-buttons-is-layout-flex\">\n<div class=\"wp-block-button has-custom-font-size\" style=\"font-size:10px\"><a class=\"wp-block-button__link has-white-color has-text-color has-background wp-element-button\" href=\"https:\/\/fcpoiltechcolombia.com\/wp-content\/uploads\/2025\/03\/FCP-OILTECH-SAS-OILTECHPIPE-FORTIUSPIPE-Catalogo-Comercial-V20250303.pdf\" style=\"border-radius:8px;background-color:#ff3301\">Catalogo Oiltechpipe<\/a><\/div>\n<\/div>\n<\/div>\n\n\n\n<div class=\"wp-block-column is-layout-flow wp-block-column-is-layout-flow\">\n<div class=\"wp-block-buttons is-content-justification-left is-layout-flex wp-container-core-buttons-is-layout-23b93fc6 wp-block-buttons-is-layout-flex\">\n<div class=\"wp-block-button has-custom-font-size\" style=\"font-size:10px\"><a class=\"wp-block-button__link has-white-color has-text-color has-background wp-element-button\" href=\"https:\/\/oiltechpipe.com\/\" style=\"border-radius:8px;background-color:#ff3301\">Ir a pagina web<\/a><\/div>\n<\/div>\n<\/div>\n<\/div>\n<\/div>\n\n\n\n<div class=\"wp-block-column is-layout-flow wp-block-column-is-layout-flow\" style=\"flex-basis:50%\"><div class=\"wp-block-image is-resized\">\n<figure class=\"aligncenter size-full\"><img loading=\"lazy\" decoding=\"async\" width=\"700\" height=\"988\" src=\"https:\/\/fcpoiltechcolombia.com\/wp-content\/uploads\/2024\/02\/oiltechpipe-picture-final.png\" alt=\"\" class=\"wp-image-1038\" srcset=\"https:\/\/fcpoiltechcolombia.com\/wp-content\/uploads\/2024\/02\/oiltechpipe-picture-final.png 700w, https:\/\/fcpoiltechcolombia.com\/wp-content\/uploads\/2024\/02\/oiltechpipe-picture-final-213x300.png 213w\" sizes=\"auto, (max-width: 700px) 100vw, 700px\" \/><\/figure>\n<\/div><\/div>\n<\/div>\n\n\n\n<div style=\"height:21px\" aria-hidden=\"true\" class=\"wp-block-spacer\"><\/div>\n\n\n\n<div class=\"wp-block-columns is-layout-flex wp-container-core-columns-is-layout-9d6595d7 wp-block-columns-is-layout-flex\"><\/div>\n","protected":false},"excerpt":{"rendered":"<p>Oiltechpipe ofrece diversos productos y tecnolog\u00edas de vanguardia para satisfacer necesidades en la industria oil &amp; gas \u2713 Tuber\u00eda termopl\u00e1stica de alta presi\u00f3n.\u2713 Tuber\u00eda compuesta<\/p>\n","protected":false},"author":1,"featured_media":0,"parent":0,"menu_order":0,"comment_status":"closed","ping_status":"closed","template":"","meta":{"footnotes":""},"class_list":["post-782","page","type-page","status-publish","hentry"],"_links":{"self":[{"href":"https:\/\/fcpoiltechcolombia.com\/index.php?rest_route=\/wp\/v2\/pages\/782","targetHints":{"allow":["GET"]}}],"collection":[{"href":"https:\/\/fcpoiltechcolombia.com\/index.php?rest_route=\/wp\/v2\/pages"}],"about":[{"href":"https:\/\/fcpoiltechcolombia.com\/index.php?rest_route=\/wp\/v2\/types\/page"}],"author":[{"embeddable":true,"href":"https:\/\/fcpoiltechcolombia.com\/index.php?rest_route=\/wp\/v2\/users\/1"}],"replies":[{"embeddable":true,"href":"https:\/\/fcpoiltechcolombia.com\/index.php?rest_route=%2Fwp%2Fv2%2Fcomments&post=782"}],"version-history":[{"count":28,"href":"https:\/\/fcpoiltechcolombia.com\/index.php?rest_route=\/wp\/v2\/pages\/782\/revisions"}],"predecessor-version":[{"id":1100,"href":"https:\/\/fcpoiltechcolombia.com\/index.php?rest_route=\/wp\/v2\/pages\/782\/revisions\/1100"}],"wp:attachment":[{"href":"https:\/\/fcpoiltechcolombia.com\/index.php?rest_route=%2Fwp%2Fv2%2Fmedia&parent=782"}],"curies":[{"name":"wp","href":"https:\/\/api.w.org\/{rel}","templated":true}]}}