{"id":290,"date":"2015-07-20T11:17:49","date_gmt":"2015-07-20T11:17:49","guid":{"rendered":"http:\/\/demo.themegrill.com\/himalayas\/?page_id=62"},"modified":"2018-09-11T12:20:19","modified_gmt":"2018-09-11T12:20:19","slug":"denial-steve","status":"publish","type":"page","link":"https:\/\/fcpoiltechcolombia.com\/?page_id=290","title":{"rendered":"TUBER\u00cdA DE REHABILITACI\u00d3N"},"content":{"rendered":"<p style=\"text-align: justify;\"><b>PRIMUS LINE <\/b>es una tecnolog\u00eda sin zanjas para la rehabilitaci\u00f3n de tuber\u00edas a presi\u00f3n para diferentes medios como agua, gas y petr\u00f3leo. El sistema se basa en un tubo compuesto flexible de alta presi\u00f3n entrelazado y una t\u00e9cnica de conexi\u00f3n especialmente desarrollada.<\/p>\n<p><img loading=\"lazy\" decoding=\"async\" class=\"alignnone wp-image-533 size-large\" src=\"https:\/\/fcpoiltechcolombia.com\/wp-content\/uploads\/2018\/09\/\u0420\u0438\u0441\u0443\u043d\u043e\u043a3-1-1024x70.png\" alt=\"\" width=\"783\" height=\"54\" srcset=\"https:\/\/fcpoiltechcolombia.com\/wp-content\/uploads\/2018\/09\/\u0420\u0438\u0441\u0443\u043d\u043e\u043a3-1-1024x70.png 1024w, https:\/\/fcpoiltechcolombia.com\/wp-content\/uploads\/2018\/09\/\u0420\u0438\u0441\u0443\u043d\u043e\u043a3-1-300x21.png 300w, https:\/\/fcpoiltechcolombia.com\/wp-content\/uploads\/2018\/09\/\u0420\u0438\u0441\u0443\u043d\u043e\u043a3-1-768x53.png 768w, https:\/\/fcpoiltechcolombia.com\/wp-content\/uploads\/2018\/09\/\u0420\u0438\u0441\u0443\u043d\u043e\u043a3-1.png 2015w\" sizes=\"auto, (max-width: 783px) 100vw, 783px\" \/><\/p>\n<p style=\"text-align: justify;\"><b><img loading=\"lazy\" decoding=\"async\" class=\"alignright wp-image-536\" src=\"https:\/\/fcpoiltechcolombia.com\/wp-content\/uploads\/2018\/09\/tubo-primus-300x249.png\" alt=\"\" width=\"241\" height=\"200\" srcset=\"https:\/\/fcpoiltechcolombia.com\/wp-content\/uploads\/2018\/09\/tubo-primus-300x249.png 300w, https:\/\/fcpoiltechcolombia.com\/wp-content\/uploads\/2018\/09\/tubo-primus.png 409w\" sizes=\"auto, (max-width: 241px) 100vw, 241px\" \/><\/b><\/p>\n<p>&nbsp;<\/p>\n<p style=\"text-align: justify;\"><b>PRIMUS LINE <\/b>es un sistema de tuber\u00eda de polietileno de alta densidad reforzada\u00a0 que ofrece un material extremadamente resistente debido a las m\u00faltiples capas, con un grosor reducido.<\/p>\n<p><img loading=\"lazy\" decoding=\"async\" class=\"wp-image-540 alignnone\" src=\"https:\/\/fcpoiltechcolombia.com\/wp-content\/uploads\/2018\/09\/\u0420\u0438\u0441\u0443\u043d\u043e\u043a4.png\" alt=\"\" width=\"543\" height=\"350\" srcset=\"https:\/\/fcpoiltechcolombia.com\/wp-content\/uploads\/2018\/09\/\u0420\u0438\u0441\u0443\u043d\u043e\u043a4.png 848w, https:\/\/fcpoiltechcolombia.com\/wp-content\/uploads\/2018\/09\/\u0420\u0438\u0441\u0443\u043d\u043e\u043a4-300x194.png 300w, https:\/\/fcpoiltechcolombia.com\/wp-content\/uploads\/2018\/09\/\u0420\u0438\u0441\u0443\u043d\u043e\u043a4-768x495.png 768w\" sizes=\"auto, (max-width: 543px) 100vw, 543px\" \/><\/p>\n<p><u><b>VENTAJAS:<\/b><\/u><\/p>\n<p><b>Aplicaci\u00f3n sencilla:<\/b><\/p>\n<ul>\n<li>Uso reducido de maquinaria<\/li>\n<li>Poco tiempo de construcci\u00f3n mediante grandes longitudes de inserci\u00f3n.<\/li>\n<li>Peque\u00f1as zanjas de construcci\u00f3n, reducci\u00f3n de excavaciones en general.<\/li>\n<li>Posibilidad de construcciones curvas.<\/li>\n<li>Inserci\u00f3n tambi\u00e9n a trav\u00e9s de codos de hasta 45\u00b0<\/li>\n<li>R\u00e1pida reanudaci\u00f3n del servicio.<\/li>\n<\/ul>\n<p><b><img loading=\"lazy\" decoding=\"async\" class=\"alignright wp-image-547 size-full\" src=\"https:\/\/fcpoiltechcolombia.com\/wp-content\/uploads\/2018\/09\/\u0420\u0438\u0441\u0443\u043d\u043e\u043a4.jpg\" alt=\"\" width=\"536\" height=\"274\" srcset=\"https:\/\/fcpoiltechcolombia.com\/wp-content\/uploads\/2018\/09\/\u0420\u0438\u0441\u0443\u043d\u043e\u043a4.jpg 536w, https:\/\/fcpoiltechcolombia.com\/wp-content\/uploads\/2018\/09\/\u0420\u0438\u0441\u0443\u043d\u043e\u043a4-300x153.jpg 300w\" sizes=\"auto, (max-width: 536px) 100vw, 536px\" \/>Capacidad de carga y calidad elevadas:<\/b><\/p>\n<ul>\n<li>Vida \u00fatil de un m\u00ednimo de 50 a\u00f1os<\/li>\n<li>Elevada resistencia al desgaste y al corte del revestimiento externo.<\/li>\n<li>Sin corrosi\u00f3n.<\/li>\n<\/ul>\n<p><b>Capacidad de rendimiento elevada:<\/b><\/p>\n<ul>\n<li>P\u00e9rdida m\u00ednima de corte transversal en virtud de menores grosores de pared de 6,0 u 8,0 mm.<\/li>\n<li>Propiedades de caudal de la tuber\u00eda mejoradas.<\/li>\n<li>Aumento de presi\u00f3n en tuber\u00edas existentes.<\/li>\n<\/ul>\n<p><u><b>ACCESORIOS:<\/b><\/u><\/p>\n<p><a href=\"https:\/\/fcpoiltechcolombia.com\/wp-content\/uploads\/2018\/09\/\u0420\u0438\u0441\u0443\u043d\u043e\u043a5-1.png\"><img loading=\"lazy\" decoding=\"async\" class=\"alignnone wp-image-552 size-large\" src=\"https:\/\/fcpoiltechcolombia.com\/wp-content\/uploads\/2018\/09\/\u0420\u0438\u0441\u0443\u043d\u043e\u043a5-1-1024x512.png\" alt=\"\" width=\"783\" height=\"392\" srcset=\"https:\/\/fcpoiltechcolombia.com\/wp-content\/uploads\/2018\/09\/\u0420\u0438\u0441\u0443\u043d\u043e\u043a5-1-1024x512.png 1024w, https:\/\/fcpoiltechcolombia.com\/wp-content\/uploads\/2018\/09\/\u0420\u0438\u0441\u0443\u043d\u043e\u043a5-1-300x150.png 300w, https:\/\/fcpoiltechcolombia.com\/wp-content\/uploads\/2018\/09\/\u0420\u0438\u0441\u0443\u043d\u043e\u043a5-1-768x384.png 768w, https:\/\/fcpoiltechcolombia.com\/wp-content\/uploads\/2018\/09\/\u0420\u0438\u0441\u0443\u043d\u043e\u043a5-1.png 1118w\" sizes=\"auto, (max-width: 783px) 100vw, 783px\" \/><\/a><\/p>\n<p>Dependiendo de los requisitos, el conector Primus Line puede\u00a0 proveerse con una brida o un extremo soldado. Por ello, tambi\u00e9n\u00a0 es posible conectar codos, piezas en T u otras piezas y grifer\u00eda\u00a0 (de diferentes materiales).<\/p>\n<p><u><b>Sistema \u00fanico para rehabilitaci\u00f3n sin zanjas<\/b><\/u><\/p>\n<p style=\"text-align: justify;\">Un sistema de revestimiento que actualmente es m\u00e1s adecuado que cualquier otro sistema existente en el mundo para rehabilitar tubos de presi\u00f3n da\u00f1ados en un di\u00e1metro entre 300 &#8211; 500 mm (6 \u00aba 20\u00bb), varios bancos y una sola longitud de 300-3.000 m (1.000 a 6.000 pies) en un entorno sensible y dif\u00edcil de forma r\u00e1pida y confiable.<\/p>\n<p style=\"text-align: justify;\">Consiste en insertar una tuber\u00eda nueva, dentro de una tuber\u00eda antigua a sustituir, las condiciones hidr\u00e1ulicas y est\u00e1ticas son de la misma calidad como instalar una tuber\u00eda nueva.<\/p>\n<p><img loading=\"lazy\" decoding=\"async\" class=\"alignnone wp-image-557 size-large\" src=\"https:\/\/fcpoiltechcolombia.com\/wp-content\/uploads\/2018\/09\/\u0420\u0438\u0441\u0443\u043d\u043e\u043a6-2-1024x397.png\" alt=\"\" width=\"783\" height=\"304\" srcset=\"https:\/\/fcpoiltechcolombia.com\/wp-content\/uploads\/2018\/09\/\u0420\u0438\u0441\u0443\u043d\u043e\u043a6-2-1024x397.png 1024w, https:\/\/fcpoiltechcolombia.com\/wp-content\/uploads\/2018\/09\/\u0420\u0438\u0441\u0443\u043d\u043e\u043a6-2-300x116.png 300w, https:\/\/fcpoiltechcolombia.com\/wp-content\/uploads\/2018\/09\/\u0420\u0438\u0441\u0443\u043d\u043e\u043a6-2-768x298.png 768w, https:\/\/fcpoiltechcolombia.com\/wp-content\/uploads\/2018\/09\/\u0420\u0438\u0441\u0443\u043d\u043e\u043a6-2.png 1567w\" sizes=\"auto, (max-width: 783px) 100vw, 783px\" \/><\/p>\n","protected":false},"excerpt":{"rendered":"<p>PRIMUS LINE es una tecnolog\u00eda sin zanjas para la rehabilitaci\u00f3n de tuber\u00edas a presi\u00f3n para diferentes medios como agua, gas y petr\u00f3leo. El sistema se<\/p>\n","protected":false},"author":1,"featured_media":515,"parent":0,"menu_order":300,"comment_status":"closed","ping_status":"closed","template":"page-templates\/template-team.php","meta":{"footnotes":""},"class_list":["post-290","page","type-page","status-publish","has-post-thumbnail","hentry"],"_links":{"self":[{"href":"https:\/\/fcpoiltechcolombia.com\/index.php?rest_route=\/wp\/v2\/pages\/290","targetHints":{"allow":["GET"]}}],"collection":[{"href":"https:\/\/fcpoiltechcolombia.com\/index.php?rest_route=\/wp\/v2\/pages"}],"about":[{"href":"https:\/\/fcpoiltechcolombia.com\/index.php?rest_route=\/wp\/v2\/types\/page"}],"author":[{"embeddable":true,"href":"https:\/\/fcpoiltechcolombia.com\/index.php?rest_route=\/wp\/v2\/users\/1"}],"replies":[{"embeddable":true,"href":"https:\/\/fcpoiltechcolombia.com\/index.php?rest_route=%2Fwp%2Fv2%2Fcomments&post=290"}],"version-history":[{"count":25,"href":"https:\/\/fcpoiltechcolombia.com\/index.php?rest_route=\/wp\/v2\/pages\/290\/revisions"}],"predecessor-version":[{"id":559,"href":"https:\/\/fcpoiltechcolombia.com\/index.php?rest_route=\/wp\/v2\/pages\/290\/revisions\/559"}],"wp:featuredmedia":[{"embeddable":true,"href":"https:\/\/fcpoiltechcolombia.com\/index.php?rest_route=\/wp\/v2\/media\/515"}],"wp:attachment":[{"href":"https:\/\/fcpoiltechcolombia.com\/index.php?rest_route=%2Fwp%2Fv2%2Fmedia&parent=290"}],"curies":[{"name":"wp","href":"https:\/\/api.w.org\/{rel}","templated":true}]}}