{"id":105,"date":"2015-07-21T09:46:31","date_gmt":"2015-07-21T09:46:31","guid":{"rendered":"http:\/\/demo.themegrill.com\/himalayas\/?page_id=105"},"modified":"2026-02-19T21:06:45","modified_gmt":"2026-02-19T21:06:45","slug":"aliquam-malesuada","status":"publish","type":"page","link":"https:\/\/fcpoiltechcolombia.com\/?page_id=105","title":{"rendered":"NUESTRA EMPRESA"},"content":{"rendered":"<h2 style=\"text-align: justify;\"><img loading=\"lazy\" decoding=\"async\" class=\"alignright wp-image-427\" src=\"https:\/\/fcpoiltechcolombia.com\/wp-content\/uploads\/2018\/09\/\u0420\u0438\u0441\u0443\u043d\u043e\u043a7-228x300.png\" alt=\"\" width=\"388\" height=\"510\" srcset=\"https:\/\/fcpoiltechcolombia.com\/wp-content\/uploads\/2018\/09\/\u0420\u0438\u0441\u0443\u043d\u043e\u043a7-228x300.png 228w, https:\/\/fcpoiltechcolombia.com\/wp-content\/uploads\/2018\/09\/\u0420\u0438\u0441\u0443\u043d\u043e\u043a7.png 680w\" sizes=\"auto, (max-width: 388px) 100vw, 388px\" \/>NUESTRA EMPRESA<\/h2>\n<p style=\"text-align: justify;\">Actualmente, el proceso de producci\u00f3n de petr\u00f3leo se acompa\u00f1a de una serie de dificultades asociadas con el aumento de la actividad corrosiva del medio producido y en consecuencia, una disminuci\u00f3n en el d\u00e9bito de los pozos y vol\u00famenes de medios bombeados.<\/p>\n<p style=\"text-align: justify;\"><b>FCP OILTECH, S.A.S <\/b>se dedica a la distribuci\u00f3n, venta e instalaci\u00f3n de\u00a0\u00a0productos exclusivos para los mercados del petr\u00f3leo, gas, refinaci\u00f3n, petroqu\u00edmica y miner\u00eda. Con un equipo dedicado a la investigaci\u00f3n, conocimiento y contacto directo con las principales compa\u00f1\u00edas locales de la industria.<\/p>\n<p style=\"text-align: justify;\">Muchos a\u00f1os de trabajo en esta industria, nuevas tecnolog\u00edas, as\u00ed como la experiencia de nuestros proveedores, fueron el punto de partida para crear <b>FCP OILTECH, S.A.S <\/b>que combina con \u00e9xito tecnolog\u00edas de calidad, comprobadas e innovadoras que nos permiten seguir el ritmo de los tiempos.<\/p>\n<p><b>MISI\u00d3N<\/b><\/p>\n<p style=\"text-align: justify;\">Ofrecer a nuestros clientes soluciones innovadoras orientadas a las actividades terrestres, mar\u00edtimas y lacustres en la industria petrolera y petroqu\u00edmica, prestando el apoyo t\u00e9cnico y orientaci\u00f3n necesarias para asegurar la excelencia operacional en cada proyecto; construyendo as\u00ed relaciones de mutuo beneficio, rentables y sostenibles.<\/p>\n<p><b>VISI\u00d3N<\/b><\/p>\n<p style=\"text-align: justify;\">Ser la empresa l\u00edder en soluciones anticorrosivas\u00a0 en Colombia, manteni\u00e9ndonos a la vanguardia de las innovaciones tecnol\u00f3gicas y adapt\u00e1ndonos a las necesidades de nuestros clientes, siempre respaldados por nuestro equipo de profesionales cualificados, ofreciendo un servicio de calidad con integridad y profesionalismo.<\/p>\n","protected":false},"excerpt":{"rendered":"<p>FCP OILTECH, S.A.S se dedica a la distribuci\u00f3n, venta e instalaci\u00f3n de\u00a0\u00a0productos exclusivos para los mercados del petr\u00f3leo, gas, refinaci\u00f3n, petroqu\u00edmica y miner\u00eda. Con un equipo dedicado a la investigaci\u00f3n, conocimiento y contacto directo con las principales compa\u00f1\u00edas locales de la industria.<\/p>\n<p>Estamos representados en toda Am\u00e9rica Latina, ofreciendo cobertura y soporte en toda la regi\u00f3n.<\/p>\n","protected":false},"author":1,"featured_media":865,"parent":0,"menu_order":0,"comment_status":"closed","ping_status":"closed","template":"page-templates\/template-portfolio.php","meta":{"footnotes":""},"class_list":["post-105","page","type-page","status-publish","has-post-thumbnail","hentry"],"_links":{"self":[{"href":"https:\/\/fcpoiltechcolombia.com\/index.php?rest_route=\/wp\/v2\/pages\/105","targetHints":{"allow":["GET"]}}],"collection":[{"href":"https:\/\/fcpoiltechcolombia.com\/index.php?rest_route=\/wp\/v2\/pages"}],"about":[{"href":"https:\/\/fcpoiltechcolombia.com\/index.php?rest_route=\/wp\/v2\/types\/page"}],"author":[{"embeddable":true,"href":"https:\/\/fcpoiltechcolombia.com\/index.php?rest_route=\/wp\/v2\/users\/1"}],"replies":[{"embeddable":true,"href":"https:\/\/fcpoiltechcolombia.com\/index.php?rest_route=%2Fwp%2Fv2%2Fcomments&post=105"}],"version-history":[{"count":14,"href":"https:\/\/fcpoiltechcolombia.com\/index.php?rest_route=\/wp\/v2\/pages\/105\/revisions"}],"predecessor-version":[{"id":1135,"href":"https:\/\/fcpoiltechcolombia.com\/index.php?rest_route=\/wp\/v2\/pages\/105\/revisions\/1135"}],"wp:featuredmedia":[{"embeddable":true,"href":"https:\/\/fcpoiltechcolombia.com\/index.php?rest_route=\/wp\/v2\/media\/865"}],"wp:attachment":[{"href":"https:\/\/fcpoiltechcolombia.com\/index.php?rest_route=%2Fwp%2Fv2%2Fmedia&parent=105"}],"curies":[{"name":"wp","href":"https:\/\/api.w.org\/{rel}","templated":true}]}}